{"id":9,"date":"2024-09-04T15:10:52","date_gmt":"2024-09-04T18:10:52","guid":{"rendered":"http:\/\/floraconsultoria.com.br\/?page_id=9"},"modified":"2025-10-15T17:08:02","modified_gmt":"2025-10-15T20:08:02","slug":"home","status":"publish","type":"page","link":"https:\/\/floraconsultoria.com.br\/","title":{"rendered":"Home"},"content":{"rendered":"\t\t<div data-elementor-type=\"wp-page\" data-elementor-id=\"9\" class=\"elementor elementor-9\">\n\t\t\t\t<div class=\"elementor-element elementor-element-febb028 e-con-full e-flex e-con e-parent\" data-id=\"febb028\" data-element_type=\"container\">\n\t\t<div class=\"elementor-element elementor-element-23f9fcf e-con-full e-flex e-con e-child\" data-id=\"23f9fcf\" data-element_type=\"container\">\n\t\t\t\t<div class=\"elementor-element elementor-element-4b696a0 elementor-widget elementor-widget-image\" data-id=\"4b696a0\" data-element_type=\"widget\" data-widget_type=\"image.default\">\n\t\t\t\t<div class=\"elementor-widget-container\">\n\t\t\t<style>\/*! elementor - v3.23.0 - 05-08-2024 *\/\n.elementor-widget-image{text-align:center}.elementor-widget-image a{display:inline-block}.elementor-widget-image a img[src$=\".svg\"]{width:48px}.elementor-widget-image img{vertical-align:middle;display:inline-block}<\/style>\t\t\t\t\t\t\t\t\t\t<img decoding=\"async\" width=\"356\" height=\"96\" src=\"https:\/\/floraconsultoria.com.br\/wp-content\/uploads\/2024\/09\/Logo-Flora-Site.png\" class=\"attachment-full size-full wp-image-17\" alt=\"\" srcset=\"https:\/\/floraconsultoria.com.br\/wp-content\/uploads\/2024\/09\/Logo-Flora-Site.png 356w, https:\/\/floraconsultoria.com.br\/wp-content\/uploads\/2024\/09\/Logo-Flora-Site-300x81.png 300w\" sizes=\"(max-width: 356px) 100vw, 356px\" \/>\t\t\t\t\t\t\t\t\t\t\t\t\t<\/div>\n\t\t\t\t<\/div>\n\t\t\t\t<\/div>\n\t\t<div class=\"elementor-element elementor-element-d4139a1 e-con-full e-flex e-con e-child\" data-id=\"d4139a1\" data-element_type=\"container\">\n\t\t\t\t<div class=\"elementor-element elementor-element-3dc658a elementor-widget elementor-widget-ekit-nav-menu\" data-id=\"3dc658a\" data-element_type=\"widget\" data-widget_type=\"ekit-nav-menu.default\">\n\t\t\t\t<div class=\"elementor-widget-container\">\n\t\t\t<div class=\"ekit-wid-con ekit_menu_responsive_tablet\" data-hamburger-icon=\"\" data-hamburger-icon-type=\"icon\" data-responsive-breakpoint=\"1024\">            <button class=\"elementskit-menu-hamburger elementskit-menu-toggler\"  type=\"button\" aria-label=\"hamburger-icon\">\n                                    <span class=\"elementskit-menu-hamburger-icon\"><\/span><span class=\"elementskit-menu-hamburger-icon\"><\/span><span class=\"elementskit-menu-hamburger-icon\"><\/span>\n                            <\/button>\n            <div id=\"ekit-megamenu-flora-2024\" class=\"elementskit-menu-container elementskit-menu-offcanvas-elements elementskit-navbar-nav-default ekit-nav-menu-one-page-no ekit-nav-dropdown-hover\"><ul id=\"menu-flora-2024\" class=\"elementskit-navbar-nav elementskit-menu-po-left submenu-click-on-icon\"><li id=\"menu-item-33\" class=\"menu-item menu-item-type-post_type menu-item-object-page menu-item-home menu-item-33 nav-item elementskit-mobile-builder-content\" data-vertical-menu=750px><a href=\"https:\/\/floraconsultoria.com.br\/\" class=\"ekit-menu-nav-link\">Home<\/a><\/li>\n<li id=\"menu-item-31\" class=\"menu-item menu-item-type-post_type menu-item-object-page menu-item-31 nav-item elementskit-mobile-builder-content\" data-vertical-menu=750px><a href=\"https:\/\/floraconsultoria.com.br\/?page_id=24\" class=\"ekit-menu-nav-link\">Nossa Hist\u00f3ria<\/a><\/li>\n<li id=\"menu-item-32\" class=\"menu-item menu-item-type-post_type menu-item-object-page menu-item-32 nav-item elementskit-mobile-builder-content\" data-vertical-menu=750px><a href=\"https:\/\/floraconsultoria.com.br\/?page_id=21\" class=\"ekit-menu-nav-link\">Servi\u00e7os<\/a><\/li>\n<li id=\"menu-item-30\" class=\"menu-item menu-item-type-post_type menu-item-object-page menu-item-30 nav-item elementskit-mobile-builder-content\" data-vertical-menu=750px><a href=\"https:\/\/floraconsultoria.com.br\/?page_id=27\" class=\"ekit-menu-nav-link\">Contatos<\/a><\/li>\n<\/ul><div class=\"elementskit-nav-identity-panel\">\n\t\t\t\t<div class=\"elementskit-site-title\">\n\t\t\t\t\t<a class=\"elementskit-nav-logo\" href=\"https:\/\/floraconsultoria.com.br\" target=\"_self\" rel=\"\">\n\t\t\t\t\t\t<img decoding=\"async\" src=\"\" title=\"\" alt=\"\" \/>\n\t\t\t\t\t<\/a> \n\t\t\t\t<\/div><button class=\"elementskit-menu-close elementskit-menu-toggler\" type=\"button\">X<\/button><\/div><\/div>\t\t\t\n\t\t\t<div class=\"elementskit-menu-overlay elementskit-menu-offcanvas-elements elementskit-menu-toggler ekit-nav-menu--overlay\"><\/div><\/div>\t\t<\/div>\n\t\t\t\t<\/div>\n\t\t\t\t<\/div>\n\t\t\t\t<\/div>\n\t\t<div class=\"elementor-element elementor-element-9632788 e-flex e-con-boxed e-con e-parent\" data-id=\"9632788\" data-element_type=\"container\" data-settings=\"{&quot;background_background&quot;:&quot;slideshow&quot;,&quot;background_slideshow_gallery&quot;:[{&quot;id&quot;:44,&quot;url&quot;:&quot;https:\\\/\\\/floraconsultoria.com.br\\\/wp-content\\\/uploads\\\/2024\\\/09\\\/RC-obtencao-de-AVCB.jpg&quot;}],&quot;background_slideshow_slide_duration&quot;:5000,&quot;background_slideshow_slide_transition&quot;:&quot;fade&quot;,&quot;background_slideshow_transition_duration&quot;:500}\">\n\t\t\t\t\t<div class=\"e-con-inner\">\n\t\t<div class=\"elementor-element elementor-element-1a605b2 e-flex e-con-boxed e-con e-child\" data-id=\"1a605b2\" data-element_type=\"container\" data-settings=\"{&quot;background_background&quot;:&quot;slideshow&quot;,&quot;background_slideshow_gallery&quot;:[],&quot;background_slideshow_loop&quot;:&quot;yes&quot;,&quot;background_slideshow_slide_duration&quot;:5000,&quot;background_slideshow_slide_transition&quot;:&quot;fade&quot;,&quot;background_slideshow_transition_duration&quot;:500}\">\n\t\t\t\t\t<div class=\"e-con-inner\">\n\t\t\t\t<div class=\"elementor-element elementor-element-a4e40b2 elementor-widget-mobile__width-inherit animated-slow elementor-invisible elementor-widget elementor-widget-heading\" data-id=\"a4e40b2\" data-element_type=\"widget\" data-settings=\"{&quot;_animation&quot;:&quot;fadeIn&quot;,&quot;_animation_delay&quot;:400}\" data-widget_type=\"heading.default\">\n\t\t\t\t<div class=\"elementor-widget-container\">\n\t\t\t<style>\/*! elementor - v3.23.0 - 05-08-2024 *\/\n.elementor-heading-title{padding:0;margin:0;line-height:1}.elementor-widget-heading .elementor-heading-title[class*=elementor-size-]>a{color:inherit;font-size:inherit;line-height:inherit}.elementor-widget-heading .elementor-heading-title.elementor-size-small{font-size:15px}.elementor-widget-heading .elementor-heading-title.elementor-size-medium{font-size:19px}.elementor-widget-heading .elementor-heading-title.elementor-size-large{font-size:29px}.elementor-widget-heading .elementor-heading-title.elementor-size-xl{font-size:39px}.elementor-widget-heading .elementor-heading-title.elementor-size-xxl{font-size:59px}<\/style><h2 class=\"elementor-heading-title elementor-size-default\">Bem-vindo \u00e0 Flora Consultoria: <br>Especialistas em AVCB e CLCB <\/h2>\t\t<\/div>\n\t\t\t\t<\/div>\n\t\t\t\t<div class=\"elementor-element elementor-element-573fa6c elementor-align-center elementor-widget-mobile__width-inherit animated-slow elementor-invisible elementor-widget elementor-widget-button\" data-id=\"573fa6c\" data-element_type=\"widget\" data-settings=\"{&quot;_animation&quot;:&quot;fadeIn&quot;,&quot;_animation_delay&quot;:600}\" data-widget_type=\"button.default\">\n\t\t\t\t<div class=\"elementor-widget-container\">\n\t\t\t\t\t<div class=\"elementor-button-wrapper\">\n\t\t\t<a class=\"elementor-button elementor-button-link elementor-size-sm\" href=\"#\">\n\t\t\t\t\t\t<span class=\"elementor-button-content-wrapper\">\n\t\t\t\t\t\t\t\t\t<span class=\"elementor-button-text\">Fale com um especialista!<\/span>\n\t\t\t\t\t<\/span>\n\t\t\t\t\t<\/a>\n\t\t<\/div>\n\t\t\t\t<\/div>\n\t\t\t\t<\/div>\n\t\t\t\t\t<\/div>\n\t\t\t\t<\/div>\n\t\t\t\t\t<\/div>\n\t\t\t\t<\/div>\n\t\t<div class=\"elementor-element elementor-element-5ea4f40 e-flex e-con-boxed e-con e-parent\" data-id=\"5ea4f40\" data-element_type=\"container\">\n\t\t\t\t\t<div class=\"e-con-inner\">\n\t\t<div class=\"elementor-element elementor-element-14288fd e-con-full e-flex e-con e-child\" data-id=\"14288fd\" data-element_type=\"container\">\n\t\t\t\t<div class=\"elementor-element elementor-element-cecf2a1 elementor-widget elementor-widget-image\" data-id=\"cecf2a1\" data-element_type=\"widget\" data-widget_type=\"image.default\">\n\t\t\t\t<div class=\"elementor-widget-container\">\n\t\t\t\t\t\t\t\t\t\t\t\t\t<img fetchpriority=\"high\" decoding=\"async\" width=\"1080\" height=\"1080\" src=\"https:\/\/floraconsultoria.com.br\/wp-content\/uploads\/2024\/09\/Predio-Flora-Consultoria.png\" class=\"attachment-full size-full wp-image-73\" alt=\"\" srcset=\"https:\/\/floraconsultoria.com.br\/wp-content\/uploads\/2024\/09\/Predio-Flora-Consultoria.png 1080w, https:\/\/floraconsultoria.com.br\/wp-content\/uploads\/2024\/09\/Predio-Flora-Consultoria-300x300.png 300w, https:\/\/floraconsultoria.com.br\/wp-content\/uploads\/2024\/09\/Predio-Flora-Consultoria-1024x1024.png 1024w, https:\/\/floraconsultoria.com.br\/wp-content\/uploads\/2024\/09\/Predio-Flora-Consultoria-150x150.png 150w, https:\/\/floraconsultoria.com.br\/wp-content\/uploads\/2024\/09\/Predio-Flora-Consultoria-768x768.png 768w\" sizes=\"(max-width: 1080px) 100vw, 1080px\" \/>\t\t\t\t\t\t\t\t\t\t\t\t\t<\/div>\n\t\t\t\t<\/div>\n\t\t\t\t<\/div>\n\t\t<div class=\"elementor-element elementor-element-ca66d50 e-con-full e-flex e-con e-child\" data-id=\"ca66d50\" data-element_type=\"container\">\n\t\t\t\t<div class=\"elementor-element elementor-element-a4666bb elementor-widget elementor-widget-image\" data-id=\"a4666bb\" data-element_type=\"widget\" data-widget_type=\"image.default\">\n\t\t\t\t<div class=\"elementor-widget-container\">\n\t\t\t\t\t\t\t\t\t\t\t\t\t<img decoding=\"async\" width=\"356\" height=\"96\" src=\"https:\/\/floraconsultoria.com.br\/wp-content\/uploads\/2024\/09\/Logo-Flora-Site.png\" class=\"attachment-full size-full wp-image-17\" alt=\"\" srcset=\"https:\/\/floraconsultoria.com.br\/wp-content\/uploads\/2024\/09\/Logo-Flora-Site.png 356w, https:\/\/floraconsultoria.com.br\/wp-content\/uploads\/2024\/09\/Logo-Flora-Site-300x81.png 300w\" sizes=\"(max-width: 356px) 100vw, 356px\" \/>\t\t\t\t\t\t\t\t\t\t\t\t\t<\/div>\n\t\t\t\t<\/div>\n\t\t\t\t<div class=\"elementor-element elementor-element-88650ec elementor-widget elementor-widget-heading\" data-id=\"88650ec\" data-element_type=\"widget\" data-widget_type=\"heading.default\">\n\t\t\t\t<div class=\"elementor-widget-container\">\n\t\t\t<h2 class=\"elementor-heading-title elementor-size-default\">#timeflora<\/h2>\t\t<\/div>\n\t\t\t\t<\/div>\n\t\t\t\t<div class=\"elementor-element elementor-element-77ccc35 elementor-widget elementor-widget-text-editor\" data-id=\"77ccc35\" data-element_type=\"widget\" data-widget_type=\"text-editor.default\">\n\t\t\t\t<div class=\"elementor-widget-container\">\n\t\t\t<style>\/*! elementor - v3.23.0 - 05-08-2024 *\/\n.elementor-widget-text-editor.elementor-drop-cap-view-stacked .elementor-drop-cap{background-color:#69727d;color:#fff}.elementor-widget-text-editor.elementor-drop-cap-view-framed .elementor-drop-cap{color:#69727d;border:3px solid;background-color:transparent}.elementor-widget-text-editor:not(.elementor-drop-cap-view-default) .elementor-drop-cap{margin-top:8px}.elementor-widget-text-editor:not(.elementor-drop-cap-view-default) .elementor-drop-cap-letter{width:1em;height:1em}.elementor-widget-text-editor .elementor-drop-cap{float:left;text-align:center;line-height:1;font-size:50px}.elementor-widget-text-editor .elementor-drop-cap-letter{display:inline-block}<\/style>\t\t\t\t<p>Na <strong>Flora Consultoria<\/strong>, nossa miss\u00e3o \u00e9 garantir a prote\u00e7\u00e3o completa do seu im\u00f3vel, assegurando a conformidade com as normas de seguran\u00e7a do Corpo de Bombeiros. Com solu\u00e7\u00f5es r\u00e1pidas e eficientes para a obten\u00e7\u00e3o do AVCB e CLCB, al\u00e9m de servi\u00e7os especializados como instala\u00e7\u00e3o de para-raios com Laudo ART, oferecemos um atendimento personalizado que prioriza a seguran\u00e7a e tranquilidade do seu empreendimento.<\/p>\t\t\t\t\t\t<\/div>\n\t\t\t\t<\/div>\n\t\t\t\t<\/div>\n\t\t\t\t\t<\/div>\n\t\t\t\t<\/div>\n\t\t<div class=\"elementor-element elementor-element-29361ed e-flex e-con-boxed e-con e-parent\" data-id=\"29361ed\" data-element_type=\"container\" data-settings=\"{&quot;background_background&quot;:&quot;classic&quot;}\">\n\t\t\t\t\t<div class=\"e-con-inner\">\n\t\t\t\t<div class=\"elementor-element elementor-element-a5e4d3d elementor-widget elementor-widget-heading\" data-id=\"a5e4d3d\" data-element_type=\"widget\" data-widget_type=\"heading.default\">\n\t\t\t\t<div class=\"elementor-widget-container\">\n\t\t\t<h2 class=\"elementor-heading-title elementor-size-default\">Por que Escolher a Flora Consultoria?<\/h2>\t\t<\/div>\n\t\t\t\t<\/div>\n\t\t\t\t\t<\/div>\n\t\t\t\t<\/div>\n\t\t<div class=\"elementor-element elementor-element-7aa62d1 e-grid e-con-boxed e-con e-parent\" data-id=\"7aa62d1\" data-element_type=\"container\">\n\t\t\t\t\t<div class=\"e-con-inner\">\n\t\t\t\t<div class=\"elementor-element elementor-element-014c0ee ekit-equal-height-disable elementor-widget elementor-widget-elementskit-icon-box\" data-id=\"014c0ee\" data-element_type=\"widget\" data-widget_type=\"elementskit-icon-box.default\">\n\t\t\t\t<div class=\"elementor-widget-container\">\n\t\t\t<div class=\"ekit-wid-con\" >        <!-- link opening -->\n                <a href=\"#\" class=\"ekit_global_links\">\n                <!-- end link opening -->\n\n        <div class=\"elementskit-infobox text-center text- icon-top-align elementor-animation-   \">\n                    <div class=\"elementskit-box-header elementor-animation-\">\n                <div class=\"elementskit-info-box-icon  \">\n                    <i aria-hidden=\"true\" class=\"elementkit-infobox-icon icon icon-medal1\"><\/i>\n                <\/div>\n          <\/div>\n                        <div class=\"box-body\">\n                            <h3 class=\"elementskit-info-box-title\">\n                    Qualidade Garantida                <\/h3>\n                        \t\t  <p>Foco em atender \u00e0s exig\u00eancias com excel\u00eancia<\/p>\n                                <\/div>\n        \n        \n                <\/div>\n                <\/a>\n        <\/div>\t\t<\/div>\n\t\t\t\t<\/div>\n\t\t\t\t<div class=\"elementor-element elementor-element-d88da76 ekit-equal-height-disable elementor-widget elementor-widget-elementskit-icon-box\" data-id=\"d88da76\" data-element_type=\"widget\" data-widget_type=\"elementskit-icon-box.default\">\n\t\t\t\t<div class=\"elementor-widget-container\">\n\t\t\t<div class=\"ekit-wid-con\" >        <!-- link opening -->\n                <a href=\"#\" class=\"ekit_global_links\">\n                <!-- end link opening -->\n\n        <div class=\"elementskit-infobox text-center text- icon-top-align elementor-animation-   \">\n                    <div class=\"elementskit-box-header elementor-animation-\">\n                <div class=\"elementskit-info-box-icon  \">\n                    <i aria-hidden=\"true\" class=\"elementkit-infobox-icon icon icon-Rating\"><\/i>\n                <\/div>\n          <\/div>\n                        <div class=\"box-body\">\n                            <h3 class=\"elementskit-info-box-title\">\n                    Atendimento R\u00e1pido                <\/h3>\n                        \t\t  <p>Agilidade na entrega de solu\u00e7\u00f5es.<\/p>\n                                <\/div>\n        \n        \n                <\/div>\n                <\/a>\n        <\/div>\t\t<\/div>\n\t\t\t\t<\/div>\n\t\t\t\t<div class=\"elementor-element elementor-element-d825dd6 ekit-equal-height-disable elementor-widget elementor-widget-elementskit-icon-box\" data-id=\"d825dd6\" data-element_type=\"widget\" data-widget_type=\"elementskit-icon-box.default\">\n\t\t\t\t<div class=\"elementor-widget-container\">\n\t\t\t<div class=\"ekit-wid-con\" >        <!-- link opening -->\n                <a href=\"#\" class=\"ekit_global_links\">\n                <!-- end link opening -->\n\n        <div class=\"elementskit-infobox text-center text- icon-top-align elementor-animation-   \">\n                    <div class=\"elementskit-box-header elementor-animation-\">\n                <div class=\"elementskit-info-box-icon  \">\n                    <i aria-hidden=\"true\" class=\"elementkit-infobox-icon icon icon-document\"><\/i>\n                <\/div>\n          <\/div>\n                        <div class=\"box-body\">\n                            <h3 class=\"elementskit-info-box-title\">\n                    Experi\u00eancia em AVCB                 <\/h3>\n                        \t\t  <p>Mais de 1000 AVCBs emitidos em SP<\/p>\n                                <\/div>\n        \n        \n                <\/div>\n                <\/a>\n        <\/div>\t\t<\/div>\n\t\t\t\t<\/div>\n\t\t\t\t\t<\/div>\n\t\t\t\t<\/div>\n\t\t<div class=\"elementor-element elementor-element-ed690ca e-flex e-con-boxed e-con e-parent\" data-id=\"ed690ca\" data-element_type=\"container\" data-settings=\"{&quot;background_background&quot;:&quot;slideshow&quot;,&quot;background_slideshow_gallery&quot;:[{&quot;id&quot;:316,&quot;url&quot;:&quot;https:\\\/\\\/floraconsultoria.com.br\\\/wp-content\\\/uploads\\\/2024\\\/09\\\/Capa_Quem_Somos_Flora_1920_720.jpg&quot;}],&quot;background_slideshow_loop&quot;:&quot;yes&quot;,&quot;background_slideshow_slide_duration&quot;:5000,&quot;background_slideshow_slide_transition&quot;:&quot;fade&quot;,&quot;background_slideshow_transition_duration&quot;:500}\">\n\t\t\t\t\t<div class=\"e-con-inner\">\n\t\t<div class=\"elementor-element elementor-element-92d1f4a e-con-full e-flex e-con e-child\" data-id=\"92d1f4a\" data-element_type=\"container\">\n\t\t\t\t<\/div>\n\t\t<div class=\"elementor-element elementor-element-440bf47 e-con-full e-flex e-con e-child\" data-id=\"440bf47\" data-element_type=\"container\">\n\t\t\t\t<div class=\"elementor-element elementor-element-cf6c826 elementor-widget elementor-widget-image\" data-id=\"cf6c826\" data-element_type=\"widget\" data-widget_type=\"image.default\">\n\t\t\t\t<div class=\"elementor-widget-container\">\n\t\t\t\t\t\t\t\t\t\t\t\t\t<img decoding=\"async\" width=\"356\" height=\"96\" src=\"https:\/\/floraconsultoria.com.br\/wp-content\/uploads\/2024\/09\/Logo_baixa.png\" class=\"attachment-full size-full wp-image-321\" alt=\"\" srcset=\"https:\/\/floraconsultoria.com.br\/wp-content\/uploads\/2024\/09\/Logo_baixa.png 356w, https:\/\/floraconsultoria.com.br\/wp-content\/uploads\/2024\/09\/Logo_baixa-300x81.png 300w\" sizes=\"(max-width: 356px) 100vw, 356px\" \/>\t\t\t\t\t\t\t\t\t\t\t\t\t<\/div>\n\t\t\t\t<\/div>\n\t\t\t\t<div class=\"elementor-element elementor-element-9ea78af elementor-widget elementor-widget-text-editor\" data-id=\"9ea78af\" data-element_type=\"widget\" data-widget_type=\"text-editor.default\">\n\t\t\t\t<div class=\"elementor-widget-container\">\n\t\t\t\t\t\t\t<p>Preocupar-se com a <strong>seguran\u00e7a contra inc\u00eandio<\/strong> \u00e9 crucial para proteger vidas, bens e garantir a continuidade das opera\u00e7\u00f5es. Inc\u00eandios podem causar perdas irrepar\u00e1veis em minutos, e a preven\u00e7\u00e3o, com alarmes, extintores e sa\u00eddas de emerg\u00eancia, \u00e9 mais eficaz do que lidar com desastres.<\/p><p>O <strong>AVCB\/CLCB <\/strong>\u00e9 obrigat\u00f3rio, comprova que o im\u00f3vel segue as normas de seguran\u00e7a. Sem ele, empresas podem ser multadas, interditadas ou responsabilizadas em acidentes. Ter o <strong>AVCB\/CLCB<\/strong> e as conformidades legais evita trag\u00e9dias e preju\u00edzos futuros.<\/p>\t\t\t\t\t\t<\/div>\n\t\t\t\t<\/div>\n\t\t\t\t<\/div>\n\t\t\t\t\t<\/div>\n\t\t\t\t<\/div>\n\t\t<div class=\"elementor-element elementor-element-5595d2e e-flex e-con-boxed e-con e-parent\" data-id=\"5595d2e\" data-element_type=\"container\">\n\t\t\t\t\t<div class=\"e-con-inner\">\n\t\t<div class=\"elementor-element elementor-element-ba938ca e-con-full e-flex e-con e-child\" data-id=\"ba938ca\" data-element_type=\"container\">\n\t\t\t\t<div class=\"elementor-element elementor-element-b7847fd elementor-widget__width-initial elementor-widget elementor-widget-image\" data-id=\"b7847fd\" data-element_type=\"widget\" data-widget_type=\"image.default\">\n\t\t\t\t<div class=\"elementor-widget-container\">\n\t\t\t\t\t\t\t\t\t\t\t\t\t<img decoding=\"async\" width=\"356\" height=\"96\" src=\"https:\/\/floraconsultoria.com.br\/wp-content\/uploads\/2024\/09\/Logo-Flora-Site.png\" class=\"attachment-full size-full wp-image-17\" alt=\"\" srcset=\"https:\/\/floraconsultoria.com.br\/wp-content\/uploads\/2024\/09\/Logo-Flora-Site.png 356w, https:\/\/floraconsultoria.com.br\/wp-content\/uploads\/2024\/09\/Logo-Flora-Site-300x81.png 300w\" sizes=\"(max-width: 356px) 100vw, 356px\" \/>\t\t\t\t\t\t\t\t\t\t\t\t\t<\/div>\n\t\t\t\t<\/div>\n\t\t\t\t<div class=\"elementor-element elementor-element-fe198fe elementor-widget__width-initial elementor-widget elementor-widget-text-editor\" data-id=\"fe198fe\" data-element_type=\"widget\" data-widget_type=\"text-editor.default\">\n\t\t\t\t<div class=\"elementor-widget-container\">\n\t\t\t\t\t\t\t<p>Flora Consultoria | Av engenheiro Armando de Arruda Pereira 441 &#8211; Sala 1A- CNPJ: 29.604.716\/0001-80<\/p>\t\t\t\t\t\t<\/div>\n\t\t\t\t<\/div>\n\t\t\t\t<\/div>\n\t\t\t\t\t<\/div>\n\t\t\t\t<\/div>\n\t\t<div class=\"elementor-element elementor-element-2e0129a6 e-flex e-con-boxed e-con e-parent\" data-id=\"2e0129a6\" data-element_type=\"container\" data-settings=\"{&quot;background_background&quot;:&quot;classic&quot;}\">\n\t\t\t\t\t<div class=\"e-con-inner\">\n\t\t\t\t<div class=\"elementor-element elementor-element-6aeef5d3 elementor-widget elementor-widget-heading\" data-id=\"6aeef5d3\" data-element_type=\"widget\" data-widget_type=\"heading.default\">\n\t\t\t\t<div class=\"elementor-widget-container\">\n\t\t\t<p class=\"elementor-heading-title elementor-size-default\">\u00a9 2024 - Todos os Direitos Reservados a Flora Consultoria | Criado por 9VSK<\/p>\t\t<\/div>\n\t\t\t\t<\/div>\n\t\t\t\t\t<\/div>\n\t\t\t\t<\/div>\n\t\t<div class=\"elementor-element elementor-element-bf85735 e-flex e-con-boxed e-con e-parent\" data-id=\"bf85735\" data-element_type=\"container\">\n\t\t\t\t\t<div class=\"e-con-inner\">\n\t\t\t\t\t<\/div>\n\t\t\t\t<\/div>\n\t\t\t\t<\/div>\n\t\t","protected":false},"excerpt":{"rendered":"<p>Home Nossa Hist\u00f3ria Servi\u00e7os Contatos X Bem-vindo \u00e0 Flora Consultoria: Especialistas em AVCB e CLCB Fale com um especialista! #timeflora Na Flora Consultoria, nossa miss\u00e3o \u00e9 garantir a prote\u00e7\u00e3o completa do seu im\u00f3vel, assegurando a conformidade com as normas de seguran\u00e7a do Corpo de Bombeiros. Com solu\u00e7\u00f5es r\u00e1pidas e eficientes para a obten\u00e7\u00e3o do AVCB [&hellip;]<\/p>\n","protected":false},"author":1,"featured_media":0,"parent":0,"menu_order":0,"comment_status":"closed","ping_status":"closed","template":"elementor_canvas","meta":{"footnotes":""},"class_list":["post-9","page","type-page","status-publish","hentry"],"_links":{"self":[{"href":"https:\/\/floraconsultoria.com.br\/index.php?rest_route=\/wp\/v2\/pages\/9","targetHints":{"allow":["GET"]}}],"collection":[{"href":"https:\/\/floraconsultoria.com.br\/index.php?rest_route=\/wp\/v2\/pages"}],"about":[{"href":"https:\/\/floraconsultoria.com.br\/index.php?rest_route=\/wp\/v2\/types\/page"}],"author":[{"embeddable":true,"href":"https:\/\/floraconsultoria.com.br\/index.php?rest_route=\/wp\/v2\/users\/1"}],"replies":[{"embeddable":true,"href":"https:\/\/floraconsultoria.com.br\/index.php?rest_route=%2Fwp%2Fv2%2Fcomments&post=9"}],"version-history":[{"count":235,"href":"https:\/\/floraconsultoria.com.br\/index.php?rest_route=\/wp\/v2\/pages\/9\/revisions"}],"predecessor-version":[{"id":440,"href":"https:\/\/floraconsultoria.com.br\/index.php?rest_route=\/wp\/v2\/pages\/9\/revisions\/440"}],"wp:attachment":[{"href":"https:\/\/floraconsultoria.com.br\/index.php?rest_route=%2Fwp%2Fv2%2Fmedia&parent=9"}],"curies":[{"name":"wp","href":"https:\/\/api.w.org\/{rel}","templated":true}]}}