{"id":27,"date":"2024-09-04T15:55:58","date_gmt":"2024-09-04T18:55:58","guid":{"rendered":"http:\/\/floraconsultoria.com.br\/?page_id=27"},"modified":"2025-10-15T17:08:23","modified_gmt":"2025-10-15T20:08:23","slug":"contatos","status":"publish","type":"page","link":"https:\/\/floraconsultoria.com.br\/?page_id=27","title":{"rendered":"Contatos"},"content":{"rendered":"\t\t<div data-elementor-type=\"wp-page\" data-elementor-id=\"27\" class=\"elementor elementor-27\">\n\t\t\t\t<div class=\"elementor-element elementor-element-6c2d1f6 e-con-full e-flex e-con e-parent\" data-id=\"6c2d1f6\" data-element_type=\"container\">\n\t\t<div class=\"elementor-element elementor-element-bd3f309 e-con-full e-flex e-con e-child\" data-id=\"bd3f309\" data-element_type=\"container\">\n\t\t\t\t<div class=\"elementor-element elementor-element-50ea310 elementor-widget elementor-widget-image\" data-id=\"50ea310\" data-element_type=\"widget\" data-widget_type=\"image.default\">\n\t\t\t\t<div class=\"elementor-widget-container\">\n\t\t\t<style>\/*! elementor - v3.23.0 - 05-08-2024 *\/\n.elementor-widget-image{text-align:center}.elementor-widget-image a{display:inline-block}.elementor-widget-image a img[src$=\".svg\"]{width:48px}.elementor-widget-image img{vertical-align:middle;display:inline-block}<\/style>\t\t\t\t\t\t\t\t\t\t<img decoding=\"async\" width=\"356\" height=\"96\" src=\"https:\/\/floraconsultoria.com.br\/wp-content\/uploads\/2024\/09\/Logo-Flora-Site.png\" class=\"attachment-full size-full wp-image-17\" alt=\"\" srcset=\"https:\/\/floraconsultoria.com.br\/wp-content\/uploads\/2024\/09\/Logo-Flora-Site.png 356w, https:\/\/floraconsultoria.com.br\/wp-content\/uploads\/2024\/09\/Logo-Flora-Site-300x81.png 300w\" sizes=\"(max-width: 356px) 100vw, 356px\" \/>\t\t\t\t\t\t\t\t\t\t\t\t\t<\/div>\n\t\t\t\t<\/div>\n\t\t\t\t<\/div>\n\t\t<div class=\"elementor-element elementor-element-93f9b2f e-con-full e-flex e-con e-child\" data-id=\"93f9b2f\" data-element_type=\"container\">\n\t\t\t\t<div class=\"elementor-element elementor-element-7632336 elementor-widget elementor-widget-ekit-nav-menu\" data-id=\"7632336\" data-element_type=\"widget\" data-widget_type=\"ekit-nav-menu.default\">\n\t\t\t\t<div class=\"elementor-widget-container\">\n\t\t\t<div class=\"ekit-wid-con ekit_menu_responsive_tablet\" data-hamburger-icon=\"\" data-hamburger-icon-type=\"icon\" data-responsive-breakpoint=\"1024\">            <button class=\"elementskit-menu-hamburger elementskit-menu-toggler\"  type=\"button\" aria-label=\"hamburger-icon\">\n                                    <span class=\"elementskit-menu-hamburger-icon\"><\/span><span class=\"elementskit-menu-hamburger-icon\"><\/span><span class=\"elementskit-menu-hamburger-icon\"><\/span>\n                            <\/button>\n            <div id=\"ekit-megamenu-flora-2024\" class=\"elementskit-menu-container elementskit-menu-offcanvas-elements elementskit-navbar-nav-default ekit-nav-menu-one-page-no ekit-nav-dropdown-hover\"><ul id=\"menu-flora-2024\" class=\"elementskit-navbar-nav elementskit-menu-po-left submenu-click-on-icon\"><li id=\"menu-item-33\" class=\"menu-item menu-item-type-post_type menu-item-object-page menu-item-home menu-item-33 nav-item elementskit-mobile-builder-content\" data-vertical-menu=750px><a href=\"https:\/\/floraconsultoria.com.br\/\" class=\"ekit-menu-nav-link\">Home<\/a><\/li>\n<li id=\"menu-item-31\" class=\"menu-item menu-item-type-post_type menu-item-object-page menu-item-31 nav-item elementskit-mobile-builder-content\" data-vertical-menu=750px><a href=\"https:\/\/floraconsultoria.com.br\/?page_id=24\" class=\"ekit-menu-nav-link\">Nossa Hist\u00f3ria<\/a><\/li>\n<li id=\"menu-item-32\" class=\"menu-item menu-item-type-post_type menu-item-object-page menu-item-32 nav-item elementskit-mobile-builder-content\" data-vertical-menu=750px><a href=\"https:\/\/floraconsultoria.com.br\/?page_id=21\" class=\"ekit-menu-nav-link\">Servi\u00e7os<\/a><\/li>\n<li id=\"menu-item-30\" class=\"menu-item menu-item-type-post_type menu-item-object-page menu-item-30 nav-item elementskit-mobile-builder-content\" data-vertical-menu=750px><a href=\"https:\/\/floraconsultoria.com.br\/?page_id=27\" class=\"ekit-menu-nav-link\">Contatos<\/a><\/li>\n<\/ul><div class=\"elementskit-nav-identity-panel\">\n\t\t\t\t<div class=\"elementskit-site-title\">\n\t\t\t\t\t<a class=\"elementskit-nav-logo\" href=\"https:\/\/floraconsultoria.com.br\" target=\"_self\" rel=\"\">\n\t\t\t\t\t\t<img decoding=\"async\" src=\"\" title=\"\" alt=\"\" \/>\n\t\t\t\t\t<\/a> \n\t\t\t\t<\/div><button class=\"elementskit-menu-close elementskit-menu-toggler\" type=\"button\">X<\/button><\/div><\/div>\t\t\t\n\t\t\t<div class=\"elementskit-menu-overlay elementskit-menu-offcanvas-elements elementskit-menu-toggler ekit-nav-menu--overlay\"><\/div><\/div>\t\t<\/div>\n\t\t\t\t<\/div>\n\t\t\t\t<\/div>\n\t\t\t\t<\/div>\n\t\t<div class=\"elementor-element elementor-element-405fbc3d e-flex e-con-boxed e-con e-parent\" data-id=\"405fbc3d\" data-element_type=\"container\">\n\t\t\t\t\t<div class=\"e-con-inner\">\n\t\t<div class=\"elementor-element elementor-element-2178dee e-con-full e-flex e-con e-child\" data-id=\"2178dee\" data-element_type=\"container\" data-settings=\"{&quot;background_background&quot;:&quot;classic&quot;}\">\n\t\t\t\t<div class=\"elementor-element elementor-element-7542b5bb elementor-widget elementor-widget-google_maps\" data-id=\"7542b5bb\" data-element_type=\"widget\" data-widget_type=\"google_maps.default\">\n\t\t\t\t<div class=\"elementor-widget-container\">\n\t\t\t<style>\/*! elementor - v3.23.0 - 05-08-2024 *\/\n.elementor-widget-google_maps .elementor-widget-container{overflow:hidden}.elementor-widget-google_maps .elementor-custom-embed{line-height:0}.elementor-widget-google_maps iframe{height:300px}<\/style>\t\t<div class=\"elementor-custom-embed\">\n\t\t\t<iframe loading=\"lazy\"\n\t\t\t\t\tsrc=\"https:\/\/maps.google.com\/maps?q=Av.%20%C3%82ngelo%20Cristianini%2C%2032%20-%20Sala%20101%20-%20Cidade%20J%C3%BAlia%2C%20S%C3%A3o%20Paulo%20-%20SP%2C%2004424-000&#038;t=m&#038;z=17&#038;output=embed&#038;iwloc=near\"\n\t\t\t\t\ttitle=\"Av. \u00c2ngelo Cristianini, 32 - Sala 101 - Cidade J\u00falia, S\u00e3o Paulo - SP, 04424-000\"\n\t\t\t\t\taria-label=\"Av. \u00c2ngelo Cristianini, 32 - Sala 101 - Cidade J\u00falia, S\u00e3o Paulo - SP, 04424-000\"\n\t\t\t><\/iframe>\n\t\t<\/div>\n\t\t\t\t<\/div>\n\t\t\t\t<\/div>\n\t\t\t\t<\/div>\n\t\t<div class=\"elementor-element elementor-element-205961a e-con-full e-flex e-con e-child\" data-id=\"205961a\" data-element_type=\"container\">\n\t\t\t\t<div class=\"elementor-element elementor-element-1ff2023b elementor-widget elementor-widget-heading\" data-id=\"1ff2023b\" data-element_type=\"widget\" data-widget_type=\"heading.default\">\n\t\t\t\t<div class=\"elementor-widget-container\">\n\t\t\t<style>\/*! elementor - v3.23.0 - 05-08-2024 *\/\n.elementor-heading-title{padding:0;margin:0;line-height:1}.elementor-widget-heading .elementor-heading-title[class*=elementor-size-]>a{color:inherit;font-size:inherit;line-height:inherit}.elementor-widget-heading .elementor-heading-title.elementor-size-small{font-size:15px}.elementor-widget-heading .elementor-heading-title.elementor-size-medium{font-size:19px}.elementor-widget-heading .elementor-heading-title.elementor-size-large{font-size:29px}.elementor-widget-heading .elementor-heading-title.elementor-size-xl{font-size:39px}.elementor-widget-heading .elementor-heading-title.elementor-size-xxl{font-size:59px}<\/style><h2 class=\"elementor-heading-title elementor-size-default\">Venha nos visitar <\/h2>\t\t<\/div>\n\t\t\t\t<\/div>\n\t\t\t\t<div class=\"elementor-element elementor-element-6f7c873b elementor-widget elementor-widget-icon-box\" data-id=\"6f7c873b\" data-element_type=\"widget\" data-widget_type=\"icon-box.default\">\n\t\t\t\t<div class=\"elementor-widget-container\">\n\t\t\t<link rel=\"stylesheet\" href=\"https:\/\/floraconsultoria.com.br\/wp-content\/plugins\/elementor\/assets\/css\/widget-icon-box.min.css\">\t\t<div class=\"elementor-icon-box-wrapper\">\n\n\t\t\t\n\t\t\t\t\t\t<div class=\"elementor-icon-box-content\">\n\n\t\t\t\t\t\t\t\t\t<h4 class=\"elementor-icon-box-title\">\n\t\t\t\t\t\t<span  >\n\t\t\t\t\t\t\tEndere\u00e7o\t\t\t\t\t\t<\/span>\n\t\t\t\t\t<\/h4>\n\t\t\t\t\n\t\t\t\t\t\t\t\t\t<p class=\"elementor-icon-box-description\">\n\t\t\t\t\t\tAv engenheiro Armando de Arruda Pereira 441 - Sala 1A\t\t\t\t\t<\/p>\n\t\t\t\t\n\t\t\t<\/div>\n\t\t\t\n\t\t<\/div>\n\t\t\t\t<\/div>\n\t\t\t\t<\/div>\n\t\t\t\t<div class=\"elementor-element elementor-element-e1caa80 elementor-widget elementor-widget-icon-box\" data-id=\"e1caa80\" data-element_type=\"widget\" data-widget_type=\"icon-box.default\">\n\t\t\t\t<div class=\"elementor-widget-container\">\n\t\t\t\t\t<div class=\"elementor-icon-box-wrapper\">\n\n\t\t\t\n\t\t\t\t\t\t<div class=\"elementor-icon-box-content\">\n\n\t\t\t\t\t\t\t\t\t<h4 class=\"elementor-icon-box-title\">\n\t\t\t\t\t\t<span  >\n\t\t\t\t\t\t\tNossa Redes #\t\t\t\t\t\t<\/span>\n\t\t\t\t\t<\/h4>\n\t\t\t\t\n\t\t\t\t\t\t\t\t\t<p class=\"elementor-icon-box-description\">\n\t\t\t\t\t\t@floraconsultoria\t\t\t\t\t<\/p>\n\t\t\t\t\n\t\t\t<\/div>\n\t\t\t\n\t\t<\/div>\n\t\t\t\t<\/div>\n\t\t\t\t<\/div>\n\t\t\t\t<div class=\"elementor-element elementor-element-63c5250 elementor-widget elementor-widget-icon-box\" data-id=\"63c5250\" data-element_type=\"widget\" data-widget_type=\"icon-box.default\">\n\t\t\t\t<div class=\"elementor-widget-container\">\n\t\t\t\t\t<div class=\"elementor-icon-box-wrapper\">\n\n\t\t\t\n\t\t\t\t\t\t<div class=\"elementor-icon-box-content\">\n\n\t\t\t\t\t\t\t\t\t<h4 class=\"elementor-icon-box-title\">\n\t\t\t\t\t\t<span  >\n\t\t\t\t\t\t\tTelefones\t\t\t\t\t\t<\/span>\n\t\t\t\t\t<\/h4>\n\t\t\t\t\n\t\t\t\t\t\t\t\t\t<p class=\"elementor-icon-box-description\">\n\t\t\t\t\t\t11 2339-5753<br>\n11 97634-3172\t\t\t\t\t<\/p>\n\t\t\t\t\n\t\t\t<\/div>\n\t\t\t\n\t\t<\/div>\n\t\t\t\t<\/div>\n\t\t\t\t<\/div>\n\t\t\t\t<div class=\"elementor-element elementor-element-ce93e71 elementor-widget elementor-widget-icon-box\" data-id=\"ce93e71\" data-element_type=\"widget\" data-widget_type=\"icon-box.default\">\n\t\t\t\t<div class=\"elementor-widget-container\">\n\t\t\t\t\t<div class=\"elementor-icon-box-wrapper\">\n\n\t\t\t\n\t\t\t\t\t\t<div class=\"elementor-icon-box-content\">\n\n\t\t\t\t\t\t\t\t\t<h4 class=\"elementor-icon-box-title\">\n\t\t\t\t\t\t<span  >\n\t\t\t\t\t\t\tE-mail\t\t\t\t\t\t<\/span>\n\t\t\t\t\t<\/h4>\n\t\t\t\t\n\t\t\t\t\t\t\t\t\t<p class=\"elementor-icon-box-description\">\n\t\t\t\t\t\tatendimento@floraconsultoria.com.br\t\t\t\t\t<\/p>\n\t\t\t\t\n\t\t\t<\/div>\n\t\t\t\n\t\t<\/div>\n\t\t\t\t<\/div>\n\t\t\t\t<\/div>\n\t\t\t\t<\/div>\n\t\t\t\t\t<\/div>\n\t\t\t\t<\/div>\n\t\t<div class=\"elementor-element elementor-element-e589bde e-flex e-con-boxed e-con e-parent\" data-id=\"e589bde\" data-element_type=\"container\">\n\t\t\t\t\t<div class=\"e-con-inner\">\n\t\t<div class=\"elementor-element elementor-element-ea812fe e-con-full e-flex e-con e-child\" data-id=\"ea812fe\" data-element_type=\"container\">\n\t\t\t\t<div class=\"elementor-element elementor-element-85506f1 elementor-widget__width-initial elementor-widget elementor-widget-image\" data-id=\"85506f1\" data-element_type=\"widget\" data-widget_type=\"image.default\">\n\t\t\t\t<div class=\"elementor-widget-container\">\n\t\t\t\t\t\t\t\t\t\t\t\t\t<img decoding=\"async\" width=\"356\" height=\"96\" src=\"https:\/\/floraconsultoria.com.br\/wp-content\/uploads\/2024\/09\/Logo-Flora-Site.png\" class=\"attachment-full size-full wp-image-17\" alt=\"\" srcset=\"https:\/\/floraconsultoria.com.br\/wp-content\/uploads\/2024\/09\/Logo-Flora-Site.png 356w, https:\/\/floraconsultoria.com.br\/wp-content\/uploads\/2024\/09\/Logo-Flora-Site-300x81.png 300w\" sizes=\"(max-width: 356px) 100vw, 356px\" \/>\t\t\t\t\t\t\t\t\t\t\t\t\t<\/div>\n\t\t\t\t<\/div>\n\t\t\t\t<div class=\"elementor-element elementor-element-9c5cd1e elementor-widget__width-initial elementor-widget elementor-widget-text-editor\" data-id=\"9c5cd1e\" data-element_type=\"widget\" data-widget_type=\"text-editor.default\">\n\t\t\t\t<div class=\"elementor-widget-container\">\n\t\t\t<style>\/*! elementor - v3.23.0 - 05-08-2024 *\/\n.elementor-widget-text-editor.elementor-drop-cap-view-stacked .elementor-drop-cap{background-color:#69727d;color:#fff}.elementor-widget-text-editor.elementor-drop-cap-view-framed .elementor-drop-cap{color:#69727d;border:3px solid;background-color:transparent}.elementor-widget-text-editor:not(.elementor-drop-cap-view-default) .elementor-drop-cap{margin-top:8px}.elementor-widget-text-editor:not(.elementor-drop-cap-view-default) .elementor-drop-cap-letter{width:1em;height:1em}.elementor-widget-text-editor .elementor-drop-cap{float:left;text-align:center;line-height:1;font-size:50px}.elementor-widget-text-editor .elementor-drop-cap-letter{display:inline-block}<\/style>\t\t\t\t<p>Flora Consultoria | Av. \u00c2ngelo Cristianini, 32 &#8211; Sala 101 &#8211; Cidade J\u00falia, S\u00e3o Paulo &#8211; SP, 04424-000- CNPJ: 29.604.716\/0001-80<\/p>\t\t\t\t\t\t<\/div>\n\t\t\t\t<\/div>\n\t\t\t\t<\/div>\n\t\t\t\t\t<\/div>\n\t\t\t\t<\/div>\n\t\t<div class=\"elementor-element elementor-element-fc3b632 e-flex e-con-boxed e-con e-parent\" data-id=\"fc3b632\" data-element_type=\"container\" data-settings=\"{&quot;background_background&quot;:&quot;classic&quot;}\">\n\t\t\t\t\t<div class=\"e-con-inner\">\n\t\t\t\t<div class=\"elementor-element elementor-element-b46bbae elementor-widget elementor-widget-heading\" data-id=\"b46bbae\" data-element_type=\"widget\" data-widget_type=\"heading.default\">\n\t\t\t\t<div class=\"elementor-widget-container\">\n\t\t\t<p class=\"elementor-heading-title elementor-size-default\">\u00a9 2024 - Todos os Direitos Reservados a Flora Consultoria | Criado por 9VSK<\/p>\t\t<\/div>\n\t\t\t\t<\/div>\n\t\t\t\t\t<\/div>\n\t\t\t\t<\/div>\n\t\t\t\t<\/div>\n\t\t","protected":false},"excerpt":{"rendered":"<p>Home Nossa Hist\u00f3ria Servi\u00e7os Contatos X Venha nos visitar Endere\u00e7o Av engenheiro Armando de Arruda Pereira 441 &#8211; Sala 1A Nossa Redes # @floraconsultoria Telefones 11 2339-5753 11 97634-3172 E-mail atendimento@floraconsultoria.com.br Flora Consultoria | Av. \u00c2ngelo Cristianini, 32 &#8211; Sala 101 &#8211; Cidade J\u00falia, S\u00e3o Paulo &#8211; SP, 04424-000- CNPJ: 29.604.716\/0001-80 \u00a9 2024 &#8211; Todos [&hellip;]<\/p>\n","protected":false},"author":1,"featured_media":0,"parent":0,"menu_order":0,"comment_status":"closed","ping_status":"closed","template":"elementor_canvas","meta":{"footnotes":""},"class_list":["post-27","page","type-page","status-publish","hentry"],"_links":{"self":[{"href":"https:\/\/floraconsultoria.com.br\/index.php?rest_route=\/wp\/v2\/pages\/27","targetHints":{"allow":["GET"]}}],"collection":[{"href":"https:\/\/floraconsultoria.com.br\/index.php?rest_route=\/wp\/v2\/pages"}],"about":[{"href":"https:\/\/floraconsultoria.com.br\/index.php?rest_route=\/wp\/v2\/types\/page"}],"author":[{"embeddable":true,"href":"https:\/\/floraconsultoria.com.br\/index.php?rest_route=\/wp\/v2\/users\/1"}],"replies":[{"embeddable":true,"href":"https:\/\/floraconsultoria.com.br\/index.php?rest_route=%2Fwp%2Fv2%2Fcomments&post=27"}],"version-history":[{"count":52,"href":"https:\/\/floraconsultoria.com.br\/index.php?rest_route=\/wp\/v2\/pages\/27\/revisions"}],"predecessor-version":[{"id":443,"href":"https:\/\/floraconsultoria.com.br\/index.php?rest_route=\/wp\/v2\/pages\/27\/revisions\/443"}],"wp:attachment":[{"href":"https:\/\/floraconsultoria.com.br\/index.php?rest_route=%2Fwp%2Fv2%2Fmedia&parent=27"}],"curies":[{"name":"wp","href":"https:\/\/api.w.org\/{rel}","templated":true}]}}